{"id":7086,"date":"2015-10-22T03:17:26","date_gmt":"2015-10-22T03:17:26","guid":{"rendered":"https:\/\/educationwp.thimpress.com\/?page_id=87"},"modified":"2022-02-09T09:57:41","modified_gmt":"2022-02-09T08:57:41","slug":"contact","status":"publish","type":"page","link":"https:\/\/portesouvertes.lycee-ozenne.fr\/index.php\/contact\/","title":{"rendered":"Contact"},"content":{"rendered":"\t\t<div data-elementor-type=\"wp-post\" data-elementor-id=\"7086\" class=\"elementor elementor-7086\">\n\t\t\t\t\t\t<section class=\"elementor-section elementor-top-section elementor-element elementor-element-71463fb elementor-section-boxed elementor-section-height-default elementor-section-height-default\" data-id=\"71463fb\" data-element_type=\"section\">\n\t\t\t\t\t\t<div class=\"elementor-container elementor-column-gap-no\">\n\t\t\t\t\t<div class=\"elementor-column elementor-col-33 elementor-top-column elementor-element elementor-element-ff761e0\" data-id=\"ff761e0\" data-element_type=\"column\">\n\t\t\t<div class=\"elementor-widget-wrap elementor-element-populated\">\n\t\t\t\t\t\t<div class=\"elementor-element elementor-element-1323a58 elementor-widget elementor-widget-thim-heading\" data-id=\"1323a58\" data-element_type=\"widget\" data-widget_type=\"thim-heading.default\">\n\t\t\t\t<div class=\"elementor-widget-container\">\n\t\t\t\t\t<div class=\"sc_heading   \"><h3 style=\"text-transform: uppercase;\" class=\"title\">Lyc\u00e9e Ozenne <\/h3><p class=\"sub-heading\" style=\"\">Les coordonn\u00e9es de l'\u00e9tablissement<\/p><span class=\"line\"><\/span><\/div>\t\t\t\t<\/div>\n\t\t\t\t<\/div>\n\t\t\t\t<section class=\"elementor-section elementor-inner-section elementor-element elementor-element-0b659dc elementor-section-boxed elementor-section-height-default elementor-section-height-default\" data-id=\"0b659dc\" data-element_type=\"section\">\n\t\t\t\t\t\t<div class=\"elementor-container elementor-column-gap-default\">\n\t\t\t\t\t<div class=\"elementor-column elementor-col-50 elementor-inner-column elementor-element elementor-element-a4d8a35\" data-id=\"a4d8a35\" data-element_type=\"column\">\n\t\t\t<div class=\"elementor-widget-wrap elementor-element-populated\">\n\t\t\t\t\t\t<div class=\"elementor-element elementor-element-58bfefa thim-widget-icon-box elementor-widget elementor-widget-thim-icon-box\" data-id=\"58bfefa\" data-element_type=\"widget\" data-widget_type=\"thim-icon-box.default\">\n\t\t\t\t<div class=\"elementor-widget-container\">\n\t\t\t\t\t<div class=\"wrapper-box-icon text-left contact_info \"  ><div class=\"smicon-box iconbox-left\"><div class=\"boxes-icon\" style=\"width: 30px;height: 30px;\"><span class=\"inner-icon\"><span class=\"icon\"><i class=\"fa fa-phone\" style=\"color:#ffb606; font-size:24px; line-height:24px; vertical-align: middle;\"><\/i><\/span><\/span><\/div><div class=\"content-inner\"  style=\"width: calc( 100% - 30px - 15px);\"><div class=\"sc-heading article_heading\"><h3 class = \"heading__primary\" >T\u00e9l\u00e9phone <\/h3><\/div><div class=\"desc-icon-box\"><div class=\"desc-content\" style=\"font-size: 15px;line-height: 22px;\"> +33 5 61 11 58 00<\/div><\/div><\/div><\/div><!--end smicon-box--><\/div>\t\t\t\t<\/div>\n\t\t\t\t<\/div>\n\t\t\t\t\t<\/div>\n\t\t<\/div>\n\t\t\t\t<div class=\"elementor-column elementor-col-50 elementor-inner-column elementor-element elementor-element-cb87aba\" data-id=\"cb87aba\" data-element_type=\"column\">\n\t\t\t<div class=\"elementor-widget-wrap elementor-element-populated\">\n\t\t\t\t\t\t<div class=\"elementor-element elementor-element-1b38c0e thim-widget-icon-box elementor-widget elementor-widget-thim-icon-box\" data-id=\"1b38c0e\" data-element_type=\"widget\" data-widget_type=\"thim-icon-box.default\">\n\t\t\t\t<div class=\"elementor-widget-container\">\n\t\t\t\t\t<div class=\"wrapper-box-icon text-left contact_info \"  ><div class=\"smicon-box iconbox-left\"><div class=\"boxes-icon\" style=\"width: 30px;height: 30px;\"><span class=\"inner-icon\"><span class=\"icon\"><i class=\"fa fa-envelope\" style=\"color:#ffb606; font-size:24px; line-height:24px; vertical-align: middle;\"><\/i><\/span><\/span><\/div><div class=\"content-inner\"  style=\"width: calc( 100% - 30px - 15px);\"><div class=\"sc-heading article_heading\"><h3 class = \"heading__primary\" >Mail<\/h3><\/div><div class=\"desc-icon-box\"><div class=\"desc-content\" style=\"font-size: 15px;line-height: 22px;\">0310047h@ac-toulouse.fr<\/div><\/div><\/div><\/div><!--end smicon-box--><\/div>\t\t\t\t<\/div>\n\t\t\t\t<\/div>\n\t\t\t\t\t<\/div>\n\t\t<\/div>\n\t\t\t\t\t<\/div>\n\t\t<\/section>\n\t\t\t\t<div class=\"elementor-element elementor-element-084e551 thim-widget-icon-box elementor-widget elementor-widget-thim-icon-box\" data-id=\"084e551\" data-element_type=\"widget\" data-widget_type=\"thim-icon-box.default\">\n\t\t\t\t<div class=\"elementor-widget-container\">\n\t\t\t\t\t<div class=\"wrapper-box-icon text-left contact_info \"  ><div class=\"smicon-box iconbox-left\"><div class=\"boxes-icon\" style=\"width: 30px;height: 30px;\"><span class=\"inner-icon\"><span class=\"icon\"><i class=\"fa fa-map-marker\" style=\"color:#ffb606; font-size:24px; line-height:24px; vertical-align: middle;\"><\/i><\/span><\/span><\/div><div class=\"content-inner\"  style=\"width: calc( 100% - 30px - 15px);\"><div class=\"sc-heading article_heading\"><h3 class = \"heading__primary\" >Address<\/h3><\/div><div class=\"desc-icon-box\"><div class=\"desc-content\" style=\"font-size: 15px;line-height: 22px;\">9  RUE MERLY \n31070 TOULOUSE CEDEX 7<\/div><\/div><\/div><\/div><!--end smicon-box--><\/div>\t\t\t\t<\/div>\n\t\t\t\t<\/div>\n\t\t\t\t<div class=\"elementor-element elementor-element-65f9ffc elementor-shape-circle e-grid-align-left elementor-grid-0 elementor-widget elementor-widget-social-icons\" data-id=\"65f9ffc\" data-element_type=\"widget\" data-widget_type=\"social-icons.default\">\n\t\t\t\t<div class=\"elementor-widget-container\">\n\t\t\t\t\t\t\t<div class=\"elementor-social-icons-wrapper elementor-grid\" role=\"list\">\n\t\t\t\t\t\t\t<span class=\"elementor-grid-item\" role=\"listitem\">\n\t\t\t\t\t<a class=\"elementor-icon elementor-social-icon elementor-social-icon-facebook elementor-repeater-item-5ba0f62\" target=\"_blank\">\n\t\t\t\t\t\t<span class=\"elementor-screen-only\">Facebook<\/span>\n\t\t\t\t\t\t\t\t\t\t\t\t\t<i class=\"fa fa-facebook\" aria-hidden=\"true\"><\/i>\n\t\t\t\t\t\t\t\t\t\t\t<\/a>\n\t\t\t\t<\/span>\n\t\t\t\t\t\t\t<span class=\"elementor-grid-item\" role=\"listitem\">\n\t\t\t\t\t<a class=\"elementor-icon elementor-social-icon elementor-social-icon-twitter elementor-repeater-item-2f72e82\" target=\"_blank\">\n\t\t\t\t\t\t<span class=\"elementor-screen-only\">Twitter<\/span>\n\t\t\t\t\t\t\t\t\t\t\t\t\t<i class=\"fa fa-twitter\" aria-hidden=\"true\"><\/i>\n\t\t\t\t\t\t\t\t\t\t\t<\/a>\n\t\t\t\t<\/span>\n\t\t\t\t\t\t\t<span class=\"elementor-grid-item\" role=\"listitem\">\n\t\t\t\t\t<a class=\"elementor-icon elementor-social-icon elementor-social-icon-google-plus elementor-repeater-item-8d15b7f\" target=\"_blank\">\n\t\t\t\t\t\t<span class=\"elementor-screen-only\">Google-plus<\/span>\n\t\t\t\t\t\t\t\t\t\t\t\t\t<i class=\"fa fa-google-plus\" aria-hidden=\"true\"><\/i>\n\t\t\t\t\t\t\t\t\t\t\t<\/a>\n\t\t\t\t<\/span>\n\t\t\t\t\t\t\t<span class=\"elementor-grid-item\" role=\"listitem\">\n\t\t\t\t\t<a class=\"elementor-icon elementor-social-icon elementor-social-icon-pinterest elementor-repeater-item-f148bda\" target=\"_blank\">\n\t\t\t\t\t\t<span class=\"elementor-screen-only\">Pinterest<\/span>\n\t\t\t\t\t\t\t\t\t\t\t\t\t<i class=\"fa fa-pinterest\" aria-hidden=\"true\"><\/i>\n\t\t\t\t\t\t\t\t\t\t\t<\/a>\n\t\t\t\t<\/span>\n\t\t\t\t\t<\/div>\n\t\t\t\t\t\t<\/div>\n\t\t\t\t<\/div>\n\t\t\t\t\t<\/div>\n\t\t<\/div>\n\t\t\t\t<div class=\"elementor-column elementor-col-33 elementor-top-column elementor-element elementor-element-5f385f4\" data-id=\"5f385f4\" data-element_type=\"column\">\n\t\t\t<div class=\"elementor-widget-wrap\">\n\t\t\t\t\t\t\t<\/div>\n\t\t<\/div>\n\t\t\t\t<div class=\"elementor-column elementor-col-33 elementor-top-column elementor-element elementor-element-88b5840\" data-id=\"88b5840\" data-element_type=\"column\">\n\t\t\t<div class=\"elementor-widget-wrap elementor-element-populated\">\n\t\t\t\t\t\t<div class=\"elementor-element elementor-element-74968e3 elementor-widget elementor-widget-thim-heading\" data-id=\"74968e3\" data-element_type=\"widget\" data-widget_type=\"thim-heading.default\">\n\t\t\t\t<div class=\"elementor-widget-container\">\n\t\t\t\t\t<div class=\"sc_heading   \"><h3 style=\"text-transform: uppercase;\" class=\"title\">Envoyer un Message<\/h3><p class=\"sub-heading\" style=\"\">Votre adresse email ne sera pas publi\u00e9e. Les champs requis sont indiqu\u00e9s par (*). \n\n\nLe formulaire de contact est d\u00e9sactiv\u00e9 hors p\u00e9riodes de portes ouvertes. Vous pouvez nous contacter via l'adresse mail acad\u00e9mique du Lyc\u00e9e. <\/p><span class=\"line\"><\/span><\/div>\t\t\t\t<\/div>\n\t\t\t\t<\/div>\n\t\t\t\t\t<\/div>\n\t\t<\/div>\n\t\t\t\t\t<\/div>\n\t\t<\/section>\n\t\t\t\t<section class=\"elementor-section elementor-top-section elementor-element elementor-element-dfd9dbb elementor-section-boxed elementor-section-height-default elementor-section-height-default\" data-id=\"dfd9dbb\" data-element_type=\"section\">\n\t\t\t\t\t\t<div class=\"elementor-container elementor-column-gap-no\">\n\t\t\t\t\t<div class=\"elementor-column elementor-col-100 elementor-top-column elementor-element elementor-element-6972659\" data-id=\"6972659\" data-element_type=\"column\">\n\t\t\t<div class=\"elementor-widget-wrap elementor-element-populated\">\n\t\t\t\t\t\t<div class=\"elementor-element elementor-element-defcb4d elementor-widget elementor-widget-thim-heading\" data-id=\"defcb4d\" data-element_type=\"widget\" data-widget_type=\"thim-heading.default\">\n\t\t\t\t<div class=\"elementor-widget-container\">\n\t\t\t\t\t<div class=\"sc_heading   \"><h3 style=\"text-transform: uppercase;\" class=\"title\">PLAN DE SITUATION<\/h3><span class=\"line\"><\/span><\/div>\t\t\t\t<\/div>\n\t\t\t\t<\/div>\n\t\t\t\t\t<\/div>\n\t\t<\/div>\n\t\t\t\t\t<\/div>\n\t\t<\/section>\n\t\t\t\t<section class=\"elementor-section elementor-top-section elementor-element elementor-element-9e3e8fb elementor-section-stretched elementor-section-full_width elementor-section-height-default elementor-section-height-default\" data-id=\"9e3e8fb\" data-element_type=\"section\" data-settings=\"{&quot;stretch_section&quot;:&quot;section-stretched&quot;}\">\n\t\t\t\t\t\t<div class=\"elementor-container elementor-column-gap-no\">\n\t\t\t\t\t<div class=\"elementor-column elementor-col-100 elementor-top-column elementor-element elementor-element-9e34713\" data-id=\"9e34713\" data-element_type=\"column\">\n\t\t\t<div class=\"elementor-widget-wrap elementor-element-populated\">\n\t\t\t\t\t\t<div class=\"elementor-element elementor-element-fccab3f elementor-widget elementor-widget-thim-google-map\" data-id=\"fccab3f\" data-element_type=\"widget\" data-widget_type=\"thim-google-map.default\">\n\t\t\t\t<div class=\"elementor-widget-container\">\n\t\t\t\t\t<div class=\"thim-map-iframe\" style =\"height: 450px\"><iframe frameborder=\"0\" scrolling=\"no\" marginheight=\"0\" marginwidth=\"0\" src=\"https:\/\/maps.google.com\/maps?q=9%20Rue%20Merly%2C%2031000%20Toulouse%2C%20FRANCE&amp;t=m&amp;z=12&amp;output=embed&amp;iwloc=near\" title=\"9 Rue Merly, 31000 Toulouse, FRANCE\" aria-label=\"9 Rue Merly, 31000 Toulouse, FRANCE\"><\/iframe><\/div>\n\t\t\t\t<\/div>\n\t\t\t\t<\/div>\n\t\t\t\t\t<\/div>\n\t\t<\/div>\n\t\t\t\t\t<\/div>\n\t\t<\/section>\n\t\t\t\t<\/div>\n\t\t","protected":false},"excerpt":{"rendered":"<p>Lyc\u00e9e Ozenne Les coordonn\u00e9es de l&rsquo;\u00e9tablissement T\u00e9l\u00e9phone +33 5 61 11 58 00 Mail 0310047h@ac-toulouse.fr Address 9 RUE MERLY 31070 TOULOUSE CEDEX 7 Facebook Twitter Google-plus Pinterest Envoyer un Message Votre adresse email ne sera pas publi\u00e9e. Les champs requis &hellip; <\/p>\n","protected":false},"author":1,"featured_media":0,"parent":0,"menu_order":0,"comment_status":"closed","ping_status":"closed","template":"","meta":{"footnotes":""},"class_list":["post-7086","page","type-page","status-publish","hentry"],"_links":{"self":[{"href":"https:\/\/portesouvertes.lycee-ozenne.fr\/index.php\/wp-json\/wp\/v2\/pages\/7086","targetHints":{"allow":["GET"]}}],"collection":[{"href":"https:\/\/portesouvertes.lycee-ozenne.fr\/index.php\/wp-json\/wp\/v2\/pages"}],"about":[{"href":"https:\/\/portesouvertes.lycee-ozenne.fr\/index.php\/wp-json\/wp\/v2\/types\/page"}],"author":[{"embeddable":true,"href":"https:\/\/portesouvertes.lycee-ozenne.fr\/index.php\/wp-json\/wp\/v2\/users\/1"}],"replies":[{"embeddable":true,"href":"https:\/\/portesouvertes.lycee-ozenne.fr\/index.php\/wp-json\/wp\/v2\/comments?post=7086"}],"version-history":[{"count":18,"href":"https:\/\/portesouvertes.lycee-ozenne.fr\/index.php\/wp-json\/wp\/v2\/pages\/7086\/revisions"}],"predecessor-version":[{"id":11642,"href":"https:\/\/portesouvertes.lycee-ozenne.fr\/index.php\/wp-json\/wp\/v2\/pages\/7086\/revisions\/11642"}],"wp:attachment":[{"href":"https:\/\/portesouvertes.lycee-ozenne.fr\/index.php\/wp-json\/wp\/v2\/media?parent=7086"}],"curies":[{"name":"wp","href":"https:\/\/api.w.org\/{rel}","templated":true}]}}