{"id":2901,"date":"2015-11-18T08:34:00","date_gmt":"2015-11-18T08:34:00","guid":{"rendered":"https:\/\/educationwp.thimpress.com\/?page_id=2901"},"modified":"2021-01-16T23:39:34","modified_gmt":"2021-01-16T22:39:34","slug":"about-us","status":"publish","type":"page","link":"https:\/\/portesouvertes.lycee-ozenne.fr\/index.php\/about-us\/","title":{"rendered":"A Propos"},"content":{"rendered":"\t\t<div data-elementor-type=\"wp-post\" data-elementor-id=\"2901\" class=\"elementor elementor-2901\">\n\t\t\t\t\t\t<section class=\"elementor-section elementor-top-section elementor-element elementor-element-7d27883 elementor-section-boxed elementor-section-height-default elementor-section-height-default\" data-id=\"7d27883\" data-element_type=\"section\">\n\t\t\t\t\t\t<div class=\"elementor-container elementor-column-gap-default\">\n\t\t\t\t\t<div class=\"elementor-column elementor-col-100 elementor-top-column elementor-element elementor-element-d513acf\" data-id=\"d513acf\" data-element_type=\"column\">\n\t\t\t<div class=\"elementor-widget-wrap elementor-element-populated\">\n\t\t\t\t\t\t<div class=\"elementor-element elementor-element-3197733 elementor-widget elementor-widget-thim-heading\" data-id=\"3197733\" data-element_type=\"widget\" data-widget_type=\"thim-heading.default\">\n\t\t\t\t<div class=\"elementor-widget-container\">\n\t\t\t\t\t<div class=\"sc_heading   text-center\"><h3 style=\"text-transform: uppercase;\" class=\"title\">Le lyc\u00e9e Ozenne<\/h3><span class=\"line\"><\/span><\/div>\t\t\t\t<\/div>\n\t\t\t\t<\/div>\n\t\t\t\t\t<\/div>\n\t\t<\/div>\n\t\t\t\t\t<\/div>\n\t\t<\/section>\n\t\t\t\t<section class=\"elementor-section elementor-top-section elementor-element elementor-element-150b24b elementor-section-boxed elementor-section-height-default elementor-section-height-default\" data-id=\"150b24b\" data-element_type=\"section\">\n\t\t\t\t\t\t<div class=\"elementor-container elementor-column-gap-default\">\n\t\t\t\t\t<div class=\"elementor-column elementor-col-33 elementor-top-column elementor-element elementor-element-700aaea\" data-id=\"700aaea\" data-element_type=\"column\">\n\t\t\t<div class=\"elementor-widget-wrap elementor-element-populated\">\n\t\t\t\t\t\t<div class=\"elementor-element elementor-element-3de30b1 elementor-widget elementor-widget-thim-counters-box\" data-id=\"3de30b1\" data-element_type=\"widget\" data-widget_type=\"thim-counters-box.default\">\n\t\t\t\t<div class=\"elementor-widget-container\">\n\t\t\t\t\t<div class=\"counter-box  about-us\" style=\"\"><div class=\"icon-counter-box\" ><i class=\"flaticon-students\"><\/i><\/div><div class=\"content-box-percentage\">\n\t\t<div class=\"wrap-percentage\">\n\t\t<div class=\"display-percentage\" data-percentage=\"2983\" >2983<\/div><div class=\"text_number\"><\/div><\/div><div class=\"counter-content-container\"><div class=\"counter-box-content\">Eleves<\/div><\/div><\/div><\/div>\t\t\t\t<\/div>\n\t\t\t\t<\/div>\n\t\t\t\t\t<\/div>\n\t\t<\/div>\n\t\t\t\t<div class=\"elementor-column elementor-col-33 elementor-top-column elementor-element elementor-element-1d4b308\" data-id=\"1d4b308\" data-element_type=\"column\">\n\t\t\t<div class=\"elementor-widget-wrap elementor-element-populated\">\n\t\t\t\t\t\t<div class=\"elementor-element elementor-element-f6bf7f1 elementor-widget elementor-widget-thim-counters-box\" data-id=\"f6bf7f1\" data-element_type=\"widget\" data-widget_type=\"thim-counters-box.default\">\n\t\t\t\t<div class=\"elementor-widget-container\">\n\t\t\t\t\t<div class=\"counter-box  about-us\" style=\"\"><div class=\"icon-counter-box\" ><i class=\"flaticon-teacher\"><\/i><\/div><div class=\"content-box-percentage\">\n\t\t<div class=\"wrap-percentage\">\n\t\t<div class=\"display-percentage\" data-percentage=\"264\" >264<\/div><div class=\"text_number\"><\/div><\/div><div class=\"counter-content-container\"><div class=\"counter-box-content\">Professeurs <\/div><\/div><\/div><\/div>\t\t\t\t<\/div>\n\t\t\t\t<\/div>\n\t\t\t\t\t<\/div>\n\t\t<\/div>\n\t\t\t\t<div class=\"elementor-column elementor-col-33 elementor-top-column elementor-element elementor-element-0f18e22\" data-id=\"0f18e22\" data-element_type=\"column\">\n\t\t\t<div class=\"elementor-widget-wrap elementor-element-populated\">\n\t\t\t\t\t\t<div class=\"elementor-element elementor-element-a8f7330 thim-no-border elementor-widget elementor-widget-thim-counters-box\" data-id=\"a8f7330\" data-element_type=\"widget\" data-widget_type=\"thim-counters-box.default\">\n\t\t\t\t<div class=\"elementor-widget-container\">\n\t\t\t\t\t<div class=\"counter-box  about-us\" style=\"\"><div class=\"icon-counter-box\" ><i class=\"flaticon-school\"><\/i><\/div><div class=\"content-box-percentage\">\n\t\t<div class=\"wrap-percentage\">\n\t\t<div class=\"display-percentage\" data-percentage=\"77\" >77<\/div><div class=\"text_number\"><\/div><\/div><div class=\"counter-content-container\"><div class=\"counter-box-content\">Classes<\/div><\/div><\/div><\/div>\t\t\t\t<\/div>\n\t\t\t\t<\/div>\n\t\t\t\t\t<\/div>\n\t\t<\/div>\n\t\t\t\t\t<\/div>\n\t\t<\/section>\n\t\t\t\t<section class=\"elementor-section elementor-top-section elementor-element elementor-element-4bba4d5 elementor-section-boxed elementor-section-height-default elementor-section-height-default\" data-id=\"4bba4d5\" data-element_type=\"section\">\n\t\t\t\t\t\t<div class=\"elementor-container elementor-column-gap-default\">\n\t\t\t\t\t<div class=\"elementor-column elementor-col-100 elementor-top-column elementor-element elementor-element-ef7d3ab\" data-id=\"ef7d3ab\" data-element_type=\"column\">\n\t\t\t<div class=\"elementor-widget-wrap elementor-element-populated\">\n\t\t\t\t\t\t<div class=\"elementor-element elementor-element-324500f elementor-widget elementor-widget-spacer\" data-id=\"324500f\" data-element_type=\"widget\" data-widget_type=\"spacer.default\">\n\t\t\t\t<div class=\"elementor-widget-container\">\n\t\t\t\t\t\t\t<div class=\"elementor-spacer\">\n\t\t\t<div class=\"elementor-spacer-inner\"><\/div>\n\t\t<\/div>\n\t\t\t\t\t\t<\/div>\n\t\t\t\t<\/div>\n\t\t\t\t\t<\/div>\n\t\t<\/div>\n\t\t\t\t\t<\/div>\n\t\t<\/section>\n\t\t\t\t<section class=\"elementor-section elementor-top-section elementor-element elementor-element-988f668 elementor-section-stretched elementor-section-full_width elementor-section-height-min-height elementor-section-height-default elementor-section-items-middle\" data-id=\"988f668\" data-element_type=\"section\" data-settings=\"{&quot;stretch_section&quot;:&quot;section-stretched&quot;,&quot;background_background&quot;:&quot;classic&quot;}\">\n\t\t\t\t\t\t<div class=\"elementor-container elementor-column-gap-no\">\n\t\t\t\t\t<div class=\"elementor-column elementor-col-100 elementor-top-column elementor-element elementor-element-855dacc\" data-id=\"855dacc\" data-element_type=\"column\">\n\t\t\t<div class=\"elementor-widget-wrap\">\n\t\t\t\t\t\t\t<\/div>\n\t\t<\/div>\n\t\t\t\t\t<\/div>\n\t\t<\/section>\n\t\t\t\t<section class=\"elementor-section elementor-top-section elementor-element elementor-element-db773c4 elementor-section-boxed elementor-section-height-default elementor-section-height-default\" data-id=\"db773c4\" data-element_type=\"section\">\n\t\t\t\t\t\t<div class=\"elementor-container elementor-column-gap-default\">\n\t\t\t\t\t<div class=\"elementor-column elementor-col-33 elementor-top-column elementor-element elementor-element-f2de48b\" data-id=\"f2de48b\" data-element_type=\"column\">\n\t\t\t<div class=\"elementor-widget-wrap elementor-element-populated\">\n\t\t\t\t\t\t<div class=\"elementor-element elementor-element-d01ff7b elementor-widget elementor-widget-spacer\" data-id=\"d01ff7b\" data-element_type=\"widget\" data-widget_type=\"spacer.default\">\n\t\t\t\t<div class=\"elementor-widget-container\">\n\t\t\t\t\t\t\t<div class=\"elementor-spacer\">\n\t\t\t<div class=\"elementor-spacer-inner\"><\/div>\n\t\t<\/div>\n\t\t\t\t\t\t<\/div>\n\t\t\t\t<\/div>\n\t\t\t\t<div class=\"elementor-element elementor-element-8be2ce7 elementor-widget elementor-widget-heading\" data-id=\"8be2ce7\" data-element_type=\"widget\" data-widget_type=\"heading.default\">\n\t\t\t\t<div class=\"elementor-widget-container\">\n\t\t\t\t\t<h3 class=\"elementor-heading-title elementor-size-default\">IDENTITE ET MIXITE<\/h3>\t\t\t\t<\/div>\n\t\t\t\t<\/div>\n\t\t\t\t<div class=\"elementor-element elementor-element-879609a elementor-widget elementor-widget-text-editor\" data-id=\"879609a\" data-element_type=\"widget\" data-widget_type=\"text-editor.default\">\n\t\t\t\t<div class=\"elementor-widget-container\">\n\t\t\t\t\t\t\t\t\t<p>Le lyc\u00e9e Ozenne d\u00e9livre des enseignements pr\u00e9 bac classiques et post bac tr\u00e8s sp\u00e9cifiques.\u00a0<\/p><p>Notre \u00e9tablissement, tr\u00e8s attractif, est situ\u00e9 au coeur du centre ville de Toulouse dans un quartier particuli\u00e8rement bien desservi par les transports en commun, La population de nos \u00e9l\u00e8ves se r\u00e9partit sur trois niveaux principaux :<\/p><ul><li>Un enseignement g\u00e9n\u00e9ral et technologique pr\u00e9-bac d&rsquo;environ 1000 \u00e9l\u00e8ves.<\/li><li>Des classes de techniciens sup\u00e9rieurs tertiaires qui accueillent 800 \u00e9tudiants.<\/li><li>Des classes pr\u00e9paratoires ENS, \u00e9conomiques, commerciales et scientifiques qui re\u00e7oivent 700 \u00e9tudiants.\u00a0<\/li><\/ul><p>\u00a0<\/p><p>La diversit\u00e9 de la population de notre \u00e9tablissement est \u00e9galement g\u00e9ographique puisque les \u00e9l\u00e8ves proviennent de plus de 50 coll\u00e8ges diff\u00e9rents sur le pr\u00e9 bac et de l&rsquo;ensemble de la France ou de l&rsquo;\u00e9tranger sur le post bac.<span class=\"Apple-converted-space\">\u00a0<\/span><\/p><p>Nos r\u00e9sultats aux examens sont excellents, souvent sup\u00e9rieurs \u00e0 ceux du d\u00e9partement et de l&rsquo;acad\u00e9mie. Les taux d&rsquo;int\u00e9gration de nos \u00e9l\u00e8ves de classes pr\u00e9paratoires dans les grandes \u00e9coles sont remarqu\u00e9s.<span class=\"Apple-converted-space\">\u00a0<\/span><\/p>\t\t\t\t\t\t\t\t<\/div>\n\t\t\t\t<\/div>\n\t\t\t\t\t<\/div>\n\t\t<\/div>\n\t\t\t\t<div class=\"elementor-column elementor-col-33 elementor-top-column elementor-element elementor-element-8a3ce4b\" data-id=\"8a3ce4b\" data-element_type=\"column\">\n\t\t\t<div class=\"elementor-widget-wrap\">\n\t\t\t\t\t\t\t<\/div>\n\t\t<\/div>\n\t\t\t\t<div class=\"elementor-column elementor-col-33 elementor-top-column elementor-element elementor-element-0f4a14e\" data-id=\"0f4a14e\" data-element_type=\"column\">\n\t\t\t<div class=\"elementor-widget-wrap elementor-element-populated\">\n\t\t\t\t\t\t<div class=\"elementor-element elementor-element-d82dc22 elementor-widget elementor-widget-spacer\" data-id=\"d82dc22\" data-element_type=\"widget\" data-widget_type=\"spacer.default\">\n\t\t\t\t<div class=\"elementor-widget-container\">\n\t\t\t\t\t\t\t<div class=\"elementor-spacer\">\n\t\t\t<div class=\"elementor-spacer-inner\"><\/div>\n\t\t<\/div>\n\t\t\t\t\t\t<\/div>\n\t\t\t\t<\/div>\n\t\t\t\t<div class=\"elementor-element elementor-element-02e8d75 elementor-widget elementor-widget-heading\" data-id=\"02e8d75\" data-element_type=\"widget\" data-widget_type=\"heading.default\">\n\t\t\t\t<div class=\"elementor-widget-container\">\n\t\t\t\t\t<h3 class=\"elementor-heading-title elementor-size-default\">COHERENCE ET ATTRACTIVITE<\/h3>\t\t\t\t<\/div>\n\t\t\t\t<\/div>\n\t\t\t\t<div class=\"elementor-element elementor-element-335f0c7 elementor-widget elementor-widget-text-editor\" data-id=\"335f0c7\" data-element_type=\"widget\" data-widget_type=\"text-editor.default\">\n\t\t\t\t<div class=\"elementor-widget-container\">\n\t\t\t\t\t\t\t\t\t<p>La sp\u00e9cificit\u00e9 du lyc\u00e9e Ozenne s&rsquo;appuie sur un sch\u00e9ma de formations clair:<\/p><ul><li>Des fili\u00e8res g\u00e9n\u00e9rales pr\u00e9 bac avec des enseignements d&rsquo;explorations rares (japonais, chinois) et un engagement particulier sur les langues. Une tr\u00e8s forte orientation des \u00e9l\u00e8ves de secondes en fili\u00e8re scientifique.<\/li><li>Une fili\u00e8re technologique STMG recrutant principalement sur le centre ville<\/li><li>Des formations de technicien sup\u00e9rieur post bac tertiaire qui accueillent de nombreux bacs professionnels.<\/li><li>Une section d&rsquo;apprentissage assurance.<\/li><li>Une licence professionnelle<\/li><li>Des classes pr\u00e9paratoires tr\u00e8s s\u00e9lectives dont certaines r\u00e9serv\u00e9es aux bacheliers technologiques ou aux sortants de bac + 2, quelquefois issus de baccalaur\u00e9ats professionnels<\/li><li>Une pr\u00e9paration au Dipl\u00f4me de Comptabilit\u00e9 et Gestion et une Licence Professionnelle (niveau L3).<\/li><li>Un dispositif post-bac ARTE (Ann\u00e9e de R\u00e9ussite \u00e0 Toulouse en Economie). \u2022 Un dispositif DALY (accueil de lyc\u00e9ens en refus scolaire anxieux).<span class=\"Apple-converted-space\">\u00a0<\/span><\/li><\/ul><p>L&rsquo;ensemble constitue une proposition de formation enrichissante et \u00e9panouissante pour les \u00e9l\u00e8ves qui sont tr\u00e8s attach\u00e9s \u00e0 leur lyc\u00e9e. Notre \u00e9tablissement est tr\u00e8s attractif pour les professionnels de l&rsquo;\u00e9ducation et nos partenaires associ\u00e9s.<span class=\"Apple-converted-space\">\u00a0<\/span><\/p>\t\t\t\t\t\t\t\t<\/div>\n\t\t\t\t<\/div>\n\t\t\t\t\t<\/div>\n\t\t<\/div>\n\t\t\t\t\t<\/div>\n\t\t<\/section>\n\t\t\t\t<section class=\"elementor-section elementor-top-section elementor-element elementor-element-4583922 elementor-section-stretched elementor-section-full_width elementor-section-height-min-height elementor-section-height-default elementor-section-items-middle\" data-id=\"4583922\" data-element_type=\"section\" data-settings=\"{&quot;stretch_section&quot;:&quot;section-stretched&quot;,&quot;background_background&quot;:&quot;classic&quot;}\">\n\t\t\t\t\t\t<div class=\"elementor-container elementor-column-gap-no\">\n\t\t\t\t\t<div class=\"elementor-column elementor-col-100 elementor-top-column elementor-element elementor-element-97872a9\" data-id=\"97872a9\" data-element_type=\"column\">\n\t\t\t<div class=\"elementor-widget-wrap\">\n\t\t\t\t\t\t\t<\/div>\n\t\t<\/div>\n\t\t\t\t\t<\/div>\n\t\t<\/section>\n\t\t\t\t<section class=\"elementor-section elementor-top-section elementor-element elementor-element-6572fc9 elementor-section-boxed elementor-section-height-default elementor-section-height-default\" data-id=\"6572fc9\" data-element_type=\"section\">\n\t\t\t\t\t\t<div class=\"elementor-container elementor-column-gap-default\">\n\t\t\t\t\t<div class=\"elementor-column elementor-col-100 elementor-top-column elementor-element elementor-element-c62940b\" data-id=\"c62940b\" data-element_type=\"column\">\n\t\t\t<div class=\"elementor-widget-wrap elementor-element-populated\">\n\t\t\t\t\t\t<div class=\"elementor-element elementor-element-c2c1e84 elementor-widget elementor-widget-heading\" data-id=\"c2c1e84\" data-element_type=\"widget\" data-widget_type=\"heading.default\">\n\t\t\t\t<div class=\"elementor-widget-container\">\n\t\t\t\t\t<h3 class=\"elementor-heading-title elementor-size-default\">CONNEXIONS ET COMMUNICATION <\/h3>\t\t\t\t<\/div>\n\t\t\t\t<\/div>\n\t\t\t\t\t<\/div>\n\t\t<\/div>\n\t\t\t\t\t<\/div>\n\t\t<\/section>\n\t\t\t\t<section class=\"elementor-section elementor-top-section elementor-element elementor-element-96e68bb elementor-section-boxed elementor-section-height-default elementor-section-height-default\" data-id=\"96e68bb\" data-element_type=\"section\">\n\t\t\t\t\t\t<div class=\"elementor-container elementor-column-gap-default\">\n\t\t\t\t\t<div class=\"elementor-column elementor-col-100 elementor-top-column elementor-element elementor-element-9513bc5\" data-id=\"9513bc5\" data-element_type=\"column\">\n\t\t\t<div class=\"elementor-widget-wrap elementor-element-populated\">\n\t\t\t\t\t\t<div class=\"elementor-element elementor-element-b90b3d2 elementor-widget elementor-widget-text-editor\" data-id=\"b90b3d2\" data-element_type=\"widget\" data-widget_type=\"text-editor.default\">\n\t\t\t\t<div class=\"elementor-widget-container\">\n\t\t\t\t\t\t\t\t\t<p>La strat\u00e9gie de communication de l&rsquo;\u00e9tablissement est mise en place via l&rsquo;ENT et un compte Twitter. Elle vise \u00e0 d\u00e9velopper et \u00e0 favoriser les relations entre les membres de la communaut\u00e9 \u00e9ducative (\u00e9l\u00e8ves, professeurs, parents, personnels d&rsquo;\u00e9ducation, d&rsquo;intendance&#8230;) et cr\u00e9er du lien avec les partenaires institutionnels et professionnels. De nombreuses associations et r\u00e9seaux regroupent nos anciens \u00e9l\u00e8ves.<span class=\"Apple-converted-space\">\u00a0<\/span><\/p>\t\t\t\t\t\t\t\t<\/div>\n\t\t\t\t<\/div>\n\t\t\t\t\t<\/div>\n\t\t<\/div>\n\t\t\t\t\t<\/div>\n\t\t<\/section>\n\t\t\t\t<section class=\"elementor-section elementor-top-section elementor-element elementor-element-717a63b elementor-section-boxed elementor-section-height-default elementor-section-height-default\" data-id=\"717a63b\" data-element_type=\"section\">\n\t\t\t\t\t\t<div class=\"elementor-container elementor-column-gap-default\">\n\t\t\t\t\t<div class=\"elementor-column elementor-col-100 elementor-top-column elementor-element elementor-element-1ceb47e\" data-id=\"1ceb47e\" data-element_type=\"column\">\n\t\t\t<div class=\"elementor-widget-wrap elementor-element-populated\">\n\t\t\t\t\t\t<div class=\"elementor-element elementor-element-c349cb4 elementor-widget elementor-widget-heading\" data-id=\"c349cb4\" data-element_type=\"widget\" data-widget_type=\"heading.default\">\n\t\t\t\t<div class=\"elementor-widget-container\">\n\t\t\t\t\t<h3 class=\"elementor-heading-title elementor-size-default\">EQUILIBRE<\/h3>\t\t\t\t<\/div>\n\t\t\t\t<\/div>\n\t\t\t\t\t<\/div>\n\t\t<\/div>\n\t\t\t\t\t<\/div>\n\t\t<\/section>\n\t\t\t\t<section class=\"elementor-section elementor-top-section elementor-element elementor-element-2584b31 elementor-section-boxed elementor-section-height-default elementor-section-height-default\" data-id=\"2584b31\" data-element_type=\"section\">\n\t\t\t\t\t\t<div class=\"elementor-container elementor-column-gap-default\">\n\t\t\t\t\t<div class=\"elementor-column elementor-col-100 elementor-top-column elementor-element elementor-element-16af40a\" data-id=\"16af40a\" data-element_type=\"column\">\n\t\t\t<div class=\"elementor-widget-wrap elementor-element-populated\">\n\t\t\t\t\t\t<div class=\"elementor-element elementor-element-61cc14e elementor-widget elementor-widget-text-editor\" data-id=\"61cc14e\" data-element_type=\"widget\" data-widget_type=\"text-editor.default\">\n\t\t\t\t<div class=\"elementor-widget-container\">\n\t\t\t\t\t\t\t\t\t<p>Les \u00e9quipes enseignantes sont stables, exp\u00e9riment\u00e9es, concern\u00e9es et soud\u00e9es. Notre lyc\u00e9e est un \u00e9tablissement exigeant et bienveillant o\u00f9 il fait bon apprendre et vivre gr\u00e2ce au climat paisible et serein qui y r\u00e8gne.<span class=\"Apple-converted-space\">\u00a0<\/span><\/p>\t\t\t\t\t\t\t\t<\/div>\n\t\t\t\t<\/div>\n\t\t\t\t\t<\/div>\n\t\t<\/div>\n\t\t\t\t\t<\/div>\n\t\t<\/section>\n\t\t\t\t<section class=\"elementor-section elementor-top-section elementor-element elementor-element-616271a elementor-section-boxed elementor-section-height-default elementor-section-height-default\" data-id=\"616271a\" data-element_type=\"section\">\n\t\t\t\t\t\t<div class=\"elementor-container elementor-column-gap-default\">\n\t\t\t\t\t<div class=\"elementor-column elementor-col-100 elementor-top-column elementor-element elementor-element-ae50e4c\" data-id=\"ae50e4c\" data-element_type=\"column\">\n\t\t\t<div class=\"elementor-widget-wrap elementor-element-populated\">\n\t\t\t\t\t\t<div class=\"elementor-element elementor-element-400d162 elementor-widget elementor-widget-spacer\" data-id=\"400d162\" data-element_type=\"widget\" data-widget_type=\"spacer.default\">\n\t\t\t\t<div class=\"elementor-widget-container\">\n\t\t\t\t\t\t\t<div class=\"elementor-spacer\">\n\t\t\t<div class=\"elementor-spacer-inner\"><\/div>\n\t\t<\/div>\n\t\t\t\t\t\t<\/div>\n\t\t\t\t<\/div>\n\t\t\t\t\t<\/div>\n\t\t<\/div>\n\t\t\t\t\t<\/div>\n\t\t<\/section>\n\t\t\t\t<\/div>\n\t\t","protected":false},"excerpt":{"rendered":"<p>Le lyc\u00e9e Ozenne 2983Eleves 264Professeurs 77Classes IDENTITE ET MIXITE Le lyc\u00e9e Ozenne d\u00e9livre des enseignements pr\u00e9 bac classiques et post bac tr\u00e8s sp\u00e9cifiques.\u00a0 Notre \u00e9tablissement, tr\u00e8s attractif, est situ\u00e9 au coeur du centre ville de Toulouse dans un quartier particuli\u00e8rement &hellip; <\/p>\n","protected":false},"author":1,"featured_media":0,"parent":0,"menu_order":0,"comment_status":"closed","ping_status":"closed","template":"","meta":{"footnotes":""},"class_list":["post-2901","page","type-page","status-publish","hentry"],"_links":{"self":[{"href":"https:\/\/portesouvertes.lycee-ozenne.fr\/index.php\/wp-json\/wp\/v2\/pages\/2901","targetHints":{"allow":["GET"]}}],"collection":[{"href":"https:\/\/portesouvertes.lycee-ozenne.fr\/index.php\/wp-json\/wp\/v2\/pages"}],"about":[{"href":"https:\/\/portesouvertes.lycee-ozenne.fr\/index.php\/wp-json\/wp\/v2\/types\/page"}],"author":[{"embeddable":true,"href":"https:\/\/portesouvertes.lycee-ozenne.fr\/index.php\/wp-json\/wp\/v2\/users\/1"}],"replies":[{"embeddable":true,"href":"https:\/\/portesouvertes.lycee-ozenne.fr\/index.php\/wp-json\/wp\/v2\/comments?post=2901"}],"version-history":[{"count":31,"href":"https:\/\/portesouvertes.lycee-ozenne.fr\/index.php\/wp-json\/wp\/v2\/pages\/2901\/revisions"}],"predecessor-version":[{"id":10136,"href":"https:\/\/portesouvertes.lycee-ozenne.fr\/index.php\/wp-json\/wp\/v2\/pages\/2901\/revisions\/10136"}],"wp:attachment":[{"href":"https:\/\/portesouvertes.lycee-ozenne.fr\/index.php\/wp-json\/wp\/v2\/media?parent=2901"}],"curies":[{"name":"wp","href":"https:\/\/api.w.org\/{rel}","templated":true}]}}